{"id":499,"date":"2017-07-14T08:19:36","date_gmt":"2017-07-14T08:19:36","guid":{"rendered":"http:\/\/demo.mysterythemes.com\/news-portal\/?page_id=5"},"modified":"2023-08-25T07:29:46","modified_gmt":"2023-08-25T10:29:46","slug":"home-2","status":"publish","type":"page","link":"https:\/\/lavozdisruptiva.com\/","title":{"rendered":"Se realiz\u00f3 el Foro Federal para la Erradicaci\u00f3n de la Violencia y el Acoso en el Mundo del Trabajo"},"content":{"rendered":"\n<p class=\"has-medium-font-size\">El Foro es presidido por el Ministerio de Trabajo, Empleo y Seguridad Social y cuenta con la participaci\u00f3n del sector p\u00fablico nacional y provincial, empleadores, sindicatos y la sociedad civil.<\/p>\n\n\n\n<p>Se llev\u00f3 adelante el primer Foro Federal para la Erradicaci\u00f3n de la Violencia y el Acoso en el Mundo del Trabajo, el mismo es presidido por el Ministerio de Trabajo, Empleo y Seguridad Social (MTEySS) y tiene por objeto debatir e intercambiar experiencias, la promoci\u00f3n del di\u00e1logo tripartito ampliado y el enriquecimiento de las distintas estrategias para la prevenci\u00f3n y el abordaje de la violencia y el acoso en el mundo del trabajo. Participaron del encuentro la titular de la cartera laboral, Kelly Olmos, la subsecretaria de Pol\u00edticas de Inclusi\u00f3n en el Mundo Laboral, Cecilia Cross y dem\u00e1s autoridades sindicales, universitarias, del \u00e1mbito de la investigaci\u00f3n y de otros Ministerios.<\/p>\n\n\n\n<p>De la mesa de apertura participaron la ministra Olmos, la subsecretaria Cross, Julio Cordero, en representaci\u00f3n de la Uni\u00f3n Industria Argentina (UIA), y Marta Pujadas, directora de Asuntos Jur\u00eddicos de la Uni\u00f3n Obrera de la Construcci\u00f3n de la Rep\u00fablica Argentina (UOCRA).<\/p>\n\n\n\n<p>A su turno, la ministra se\u00f1al\u00f3: \u201cSomos combatientes por la construcci\u00f3n de una sociedad justa y solidaria, en la cual todos los seres humanos, por su dignidad, puedan realizarse\u201d. Adem\u00e1s celebr\u00f3 la amplia convocatoria y comparti\u00f3 que se siente orgullosa de que Argentina forme parte del 10% de los pa\u00edses miembros de la Organizaci\u00f3n Internacional del Trabajo que han ratificado el Convenio 190, expresando: \u201c&#8230;somos de los pocos pa\u00edses que lo han hecho ley y que lo est\u00e1n incorporando en todos y cada uno de los convenios colectivos de trabajo para que sea norma y mecanismo de convivencia en cada \u00e1mbito laboral\u201d.<\/p>\n\n\n\n<p>Por su parte, Cross destac\u00f3 que \u201ces conmovedor, en un contexto tan particular como el actual, que a pesar de lo que nos quieren hacer creer, de ninguna manera el pueblo argentino est\u00e1 dispuesto a dejar de lado sus derechos, sus luchas y el compromiso con el respeto por la dignidad humana\u201d. Y finaliz\u00f3: \u201cEste foro federal marca un nuevo paso, un salto cualitativo en la coordinaci\u00f3n entre los distintos actores y los distintos niveles de gobierno para hacer frente a esta agenda que es tan importante como urgente\u201d.<\/p>\n\n\n\n<p>Pujadas afirm\u00f3 que el Convenio 190 \u201cviene a sumarse a la estructura jur\u00eddica de las normas argentinas que defienden los derechos sociolaborales, cuya funcionalidad no es crear privilegios, sino equilibrar las relaciones y los actores del trabajo\u201d. Adem\u00e1s, destac\u00f3: \u201cSeguimos reivindicando las construcciones colectivas. Es la valorizaci\u00f3n de que nadie se salva solo, nos salvamos entre todos\u201d.<\/p>\n\n\n\n<p>Por \u00faltimo, Julio Cordero indic\u00f3 que asisti\u00f3, adem\u00e1s, en representaci\u00f3n de \u201ctodos los empleadores, emprendedores y empresarios del pa\u00eds, para manifestar un total y completo apoyo tanto a esta iniciativa como al contenido del Convenio 190\u201d. Y, para finalizar, agradeci\u00f3 el \u201cnoble compromiso, por este tripartismo maravilloso que estamos viviendo en esta oportunidad y porque realmente esto es una comunidad en defensa de una humanidad mucho mejor\u201d.<\/p>\n\n\n\n<p>Luego tuvo lugar un panel con la presentaci\u00f3n de los cap\u00edtulos del Foro para la Erradicaci\u00f3n de la Violencia y el Acoso en el Mundo del Trabajo en el que participaron autoridades del MTEySS de todo el pa\u00eds. Para finalizar, se realiz\u00f3 un panel destinado a \u201cPensar la violencia\u201d, con conceptualizaci\u00f3n y desaf\u00edos para su abordaje. Del mismo participaron Pablo Topet, profesor adjunto de la Facultad de Derecho y Ciencias Sociales de la Universidad de Buenos Aires (UBA); Juan Eduardo Bonnin, investigador independiente del CONICET; Luc\u00eda Cirmi, subsecretaria de Pol\u00edticas de Igualdad, del Ministerio de las Mujeres, G\u00e9neros y Diversidad; Florencia Partenio, profesora titular UNAJ, y, como moderadora, Victoria Ronchetti, directora de Promoci\u00f3n e Integraci\u00f3n de la mujer<\/p>\n\n\n\n<p>los cap\u00edtulos del Foro para la Erradicaci\u00f3n de la Violencia y el Acoso en el Mundo del Trabajo en el que participaron autoridades del MTEySS de todo el pa\u00eds. Para finalizar, se realiz\u00f3 un panel destinado a \u201cPensar la violencia\u201d, con conceptualizaci\u00f3n y desaf\u00edos para su abordaje. Del mismo participaron Pablo Topet, profesor adjunto de la Facultad de Derecho y Ciencias Sociales de la Universidad de Buenos Aires (UBA); Juan Eduardo Bonnin, investigador independiente del CONICET; Luc\u00eda Cirmi, subsecretaria de Pol\u00edticas de Igualdad, del Ministerio de las Mujeres, G\u00e9neros y Diversidad; Florencia Partenio, profesora titular UNAJ, y, como moderadora, Victoria Ronchetti, directora de Promoci\u00f3n e Integraci\u00f3n de la mujer.<\/p>\n\n\n\n<p>Los objetivos del Foro son la promoci\u00f3n del di\u00e1logo tripartito ampliado en materia de violencia y acoso en el mundo del trabajo en los t\u00e9rminos del Convenio 190 de la OIT, as\u00ed como la constituci\u00f3n de redes provinciales para el abordaje y la prevenci\u00f3n de la violencia y el acoso en el mundo del trabajo a trav\u00e9s del Consejo Federal del Trabajo. Adem\u00e1s, se propone sistematizar experiencias de abordaje de la problem\u00e1tica con instituciones educativas, sociales y dem\u00e1s instituciones de la sociedad civil, como tambi\u00e9n sus estrategias de seguimiento; elaborar recomendaciones para la construcci\u00f3n e implementaci\u00f3n de pol\u00edticas p\u00fablicas en materia de prevenci\u00f3n y abordaje de la violencia y el acoso laboral y coordinar acciones con organismos internacionales, nacionales y provinciales abocados a la implementaci\u00f3n del Convenio 190.<\/p>\n","protected":false},"excerpt":{"rendered":"<p>El Foro es presidido por el Ministerio de Trabajo, Empleo y Seguridad Social y cuenta con la participaci\u00f3n del sector p\u00fablico nacional y provincial, empleadores, sindicatos y la sociedad civil. Se llev\u00f3 adelante el primer Foro Federal para la Erradicaci\u00f3n de la Violencia y el Acoso en el Mundo del Trabajo, el mismo es presidido [&hellip;]<\/p>\n","protected":false},"author":2,"featured_media":897,"parent":0,"menu_order":0,"comment_status":"closed","ping_status":"closed","template":"templates\/template-home.php","meta":{"footnotes":""},"class_list":["post-499","page","type-page","status-publish","has-post-thumbnail","hentry"],"blog_post_layout_featured_media_urls":{"thumbnail":["https:\/\/lavozdisruptiva.com\/wp-content\/uploads\/2023\/08\/20230818_064448-150x150.jpg",150,150,true],"full":["https:\/\/lavozdisruptiva.com\/wp-content\/uploads\/2023\/08\/20230818_064448.jpg",1548,1032,false]},"categories_names":null,"comments_number":"0","wpmagazine_modules_lite_featured_media_urls":{"thumbnail":["https:\/\/lavozdisruptiva.com\/wp-content\/uploads\/2023\/08\/20230818_064448-150x150.jpg",150,150,true],"cvmm-medium":["https:\/\/lavozdisruptiva.com\/wp-content\/uploads\/2023\/08\/20230818_064448-300x300.jpg",300,300,true],"cvmm-medium-plus":["https:\/\/lavozdisruptiva.com\/wp-content\/uploads\/2023\/08\/20230818_064448-305x207.jpg",305,207,true],"cvmm-portrait":["https:\/\/lavozdisruptiva.com\/wp-content\/uploads\/2023\/08\/20230818_064448-400x600.jpg",400,600,true],"cvmm-medium-square":["https:\/\/lavozdisruptiva.com\/wp-content\/uploads\/2023\/08\/20230818_064448-600x600.jpg",600,600,true],"cvmm-large":["https:\/\/lavozdisruptiva.com\/wp-content\/uploads\/2023\/08\/20230818_064448-1024x1024.jpg",1024,1024,true],"cvmm-small":["https:\/\/lavozdisruptiva.com\/wp-content\/uploads\/2023\/08\/20230818_064448-130x95.jpg",130,95,true],"full":["https:\/\/lavozdisruptiva.com\/wp-content\/uploads\/2023\/08\/20230818_064448.jpg",1548,1032,false]},"_links":{"self":[{"href":"https:\/\/lavozdisruptiva.com\/index.php\/wp-json\/wp\/v2\/pages\/499","targetHints":{"allow":["GET"]}}],"collection":[{"href":"https:\/\/lavozdisruptiva.com\/index.php\/wp-json\/wp\/v2\/pages"}],"about":[{"href":"https:\/\/lavozdisruptiva.com\/index.php\/wp-json\/wp\/v2\/types\/page"}],"author":[{"embeddable":true,"href":"https:\/\/lavozdisruptiva.com\/index.php\/wp-json\/wp\/v2\/users\/2"}],"replies":[{"embeddable":true,"href":"https:\/\/lavozdisruptiva.com\/index.php\/wp-json\/wp\/v2\/comments?post=499"}],"version-history":[{"count":1,"href":"https:\/\/lavozdisruptiva.com\/index.php\/wp-json\/wp\/v2\/pages\/499\/revisions"}],"predecessor-version":[{"id":898,"href":"https:\/\/lavozdisruptiva.com\/index.php\/wp-json\/wp\/v2\/pages\/499\/revisions\/898"}],"wp:featuredmedia":[{"embeddable":true,"href":"https:\/\/lavozdisruptiva.com\/index.php\/wp-json\/wp\/v2\/media\/897"}],"wp:attachment":[{"href":"https:\/\/lavozdisruptiva.com\/index.php\/wp-json\/wp\/v2\/media?parent=499"}],"curies":[{"name":"wp","href":"https:\/\/api.w.org\/{rel}","templated":true}]}}